{"id":3230,"date":"2024-11-14T16:50:53","date_gmt":"2024-11-14T15:50:53","guid":{"rendered":"https:\/\/www.elle.lu\/fr\/?post_type=product&#038;p=3230"},"modified":"2026-03-25T18:29:03","modified_gmt":"2026-03-25T17:29:03","slug":"abonnement-elle-luxembourg","status":"publish","type":"product","link":"https:\/\/www.elle.lu\/fr\/produit\/abonnement-elle-luxembourg","title":{"rendered":"Abonnement ELLE Luxembourg &#8211; 1 an (4 num\u00e9ros)"},"content":{"rendered":"","protected":false},"excerpt":{"rendered":"ELLE Luxembourg, le magazine de r\u00e9f\u00e9rence d\u00e9di\u00e9 \u00e0 la mode, \u00e0 la beaut\u00e9 et \u00e0 l&#8217;art de vivre. ...","protected":false},"featured_media":10312,"template":"","meta":{"_acf_changed":false},"product_brand":[],"product_cat":[225],"product_tag":[],"class_list":{"0":"post-3230","1":"product","2":"type-product","3":"status-publish","4":"has-post-thumbnail","6":"product_cat-magazines","7":"product_shipping_class-1-an","9":"first","10":"instock","11":"sale","12":"sold-individually","13":"taxable","14":"shipping-taxable","15":"purchasable","16":"product-type-simple"},"acf":[],"yoast_head":"<!-- This site is optimized with the Yoast SEO plugin v27.2 - https:\/\/yoast.com\/product\/yoast-seo-wordpress\/ -->\n<title>Abonnement ELLE Luxembourg - 1 an (4 num\u00e9ros) - ELLE.lu Luxembourg<\/title>\n<meta name=\"robots\" content=\"index, follow, max-snippet:-1, max-image-preview:large, max-video-preview:-1\" \/>\n<link rel=\"canonical\" href=\"https:\/\/www.elle.lu\/fr\/produit\/abonnement-elle-luxembourg\" \/>\n<meta property=\"og:locale\" content=\"fr_FR\" \/>\n<meta property=\"og:type\" content=\"article\" \/>\n<meta property=\"og:title\" content=\"Abonnement ELLE Luxembourg - 1 an (4 num\u00e9ros) - ELLE.lu Luxembourg\" \/>\n<meta property=\"og:description\" content=\"ELLE Luxembourg, le magazine de r\u00e9f\u00e9rence d\u00e9di\u00e9 \u00e0 la mode, \u00e0 la beaut\u00e9 et \u00e0 l&#039;art de vivre.\" \/>\n<meta property=\"og:url\" content=\"https:\/\/www.elle.lu\/fr\/produit\/abonnement-elle-luxembourg\" \/>\n<meta property=\"og:site_name\" content=\"ELLE.lu Luxembourg\" \/>\n<meta property=\"article:modified_time\" content=\"2026-03-25T17:29:03+00:00\" \/>\n<meta property=\"og:image\" content=\"https:\/\/www.elle.lu\/fr\/wp-content\/uploads\/2024\/11\/capture-decran-2026-03-25-a-182833-810x1024.png\" \/>\n\t<meta property=\"og:image:width\" content=\"810\" \/>\n\t<meta property=\"og:image:height\" content=\"1024\" \/>\n\t<meta property=\"og:image:type\" content=\"image\/png\" \/>\n<meta name=\"twitter:card\" content=\"summary_large_image\" \/>\n<meta name=\"twitter:label1\" content=\"Dur\u00e9e de lecture estim\u00e9e\" \/>\n\t<meta name=\"twitter:data1\" content=\"1 minute\" \/>\n<script type=\"application\/ld+json\" class=\"yoast-schema-graph\">{\"@context\":\"https:\/\/schema.org\",\"@graph\":[{\"@type\":\"WebPage\",\"@id\":\"https:\/\/www.elle.lu\/fr\/produit\/abonnement-elle-luxembourg\",\"url\":\"https:\/\/www.elle.lu\/fr\/produit\/abonnement-elle-luxembourg\",\"name\":\"Abonnement ELLE Luxembourg - 1 an (4 num\u00e9ros) - ELLE.lu Luxembourg\",\"isPartOf\":{\"@id\":\"https:\/\/www.elle.lu\/fr\/#website\"},\"primaryImageOfPage\":{\"@id\":\"https:\/\/www.elle.lu\/fr\/produit\/abonnement-elle-luxembourg#primaryimage\"},\"image\":{\"@id\":\"https:\/\/www.elle.lu\/fr\/produit\/abonnement-elle-luxembourg#primaryimage\"},\"thumbnailUrl\":\"https:\/\/www.elle.lu\/fr\/wp-content\/uploads\/2024\/11\/capture-decran-2026-03-25-a-182833.png\",\"datePublished\":\"2024-11-14T15:50:53+00:00\",\"dateModified\":\"2026-03-25T17:29:03+00:00\",\"breadcrumb\":{\"@id\":\"https:\/\/www.elle.lu\/fr\/produit\/abonnement-elle-luxembourg#breadcrumb\"},\"inLanguage\":\"fr-FR\",\"potentialAction\":[{\"@type\":\"ReadAction\",\"target\":[\"https:\/\/www.elle.lu\/fr\/produit\/abonnement-elle-luxembourg\"]}]},{\"@type\":\"ImageObject\",\"inLanguage\":\"fr-FR\",\"@id\":\"https:\/\/www.elle.lu\/fr\/produit\/abonnement-elle-luxembourg#primaryimage\",\"url\":\"https:\/\/www.elle.lu\/fr\/wp-content\/uploads\/2024\/11\/capture-decran-2026-03-25-a-182833.png\",\"contentUrl\":\"https:\/\/www.elle.lu\/fr\/wp-content\/uploads\/2024\/11\/capture-decran-2026-03-25-a-182833.png\",\"width\":1096,\"height\":1386},{\"@type\":\"BreadcrumbList\",\"@id\":\"https:\/\/www.elle.lu\/fr\/produit\/abonnement-elle-luxembourg#breadcrumb\",\"itemListElement\":[{\"@type\":\"ListItem\",\"position\":1,\"name\":\"Accueil\",\"item\":\"https:\/\/www.elle.lu\/fr\"},{\"@type\":\"ListItem\",\"position\":2,\"name\":\"Abonnement ELLE Luxembourg &#8211; 1 an (4 num\u00e9ros)\"}]},{\"@type\":\"WebSite\",\"@id\":\"https:\/\/www.elle.lu\/fr\/#website\",\"url\":\"https:\/\/www.elle.lu\/fr\/\",\"name\":\"ELLE.lu\",\"description\":\"Explorez les derni\u00e8res tendances mode, beaut\u00e9 et art de vivre au Luxembourg sur ELLE.lu. Un contenu exclusivement luxembourgeois sur notre site, r\u00e9seaux sociaux et YouTube.\",\"potentialAction\":[{\"@type\":\"SearchAction\",\"target\":{\"@type\":\"EntryPoint\",\"urlTemplate\":\"https:\/\/www.elle.lu\/fr\/?s={search_term_string}\"},\"query-input\":{\"@type\":\"PropertyValueSpecification\",\"valueRequired\":true,\"valueName\":\"search_term_string\"}}],\"inLanguage\":\"fr-FR\"}]}<\/script>\n<!-- \/ Yoast SEO plugin. -->","yoast_head_json":{"title":"Abonnement ELLE Luxembourg - 1 an (4 num\u00e9ros) - ELLE.lu Luxembourg","robots":{"index":"index","follow":"follow","max-snippet":"max-snippet:-1","max-image-preview":"max-image-preview:large","max-video-preview":"max-video-preview:-1"},"canonical":"https:\/\/www.elle.lu\/fr\/produit\/abonnement-elle-luxembourg","og_locale":"fr_FR","og_type":"article","og_title":"Abonnement ELLE Luxembourg - 1 an (4 num\u00e9ros) - ELLE.lu Luxembourg","og_description":"ELLE Luxembourg, le magazine de r\u00e9f\u00e9rence d\u00e9di\u00e9 \u00e0 la mode, \u00e0 la beaut\u00e9 et \u00e0 l'art de vivre.","og_url":"https:\/\/www.elle.lu\/fr\/produit\/abonnement-elle-luxembourg","og_site_name":"ELLE.lu Luxembourg","article_modified_time":"2026-03-25T17:29:03+00:00","og_image":[{"width":810,"height":1024,"url":"https:\/\/www.elle.lu\/fr\/wp-content\/uploads\/2024\/11\/capture-decran-2026-03-25-a-182833-810x1024.png","type":"image\/png"}],"twitter_card":"summary_large_image","twitter_misc":{"Dur\u00e9e de lecture estim\u00e9e":"1 minute"},"schema":{"@context":"https:\/\/schema.org","@graph":[{"@type":"WebPage","@id":"https:\/\/www.elle.lu\/fr\/produit\/abonnement-elle-luxembourg","url":"https:\/\/www.elle.lu\/fr\/produit\/abonnement-elle-luxembourg","name":"Abonnement ELLE Luxembourg - 1 an (4 num\u00e9ros) - ELLE.lu Luxembourg","isPartOf":{"@id":"https:\/\/www.elle.lu\/fr\/#website"},"primaryImageOfPage":{"@id":"https:\/\/www.elle.lu\/fr\/produit\/abonnement-elle-luxembourg#primaryimage"},"image":{"@id":"https:\/\/www.elle.lu\/fr\/produit\/abonnement-elle-luxembourg#primaryimage"},"thumbnailUrl":"https:\/\/www.elle.lu\/fr\/wp-content\/uploads\/2024\/11\/capture-decran-2026-03-25-a-182833.png","datePublished":"2024-11-14T15:50:53+00:00","dateModified":"2026-03-25T17:29:03+00:00","breadcrumb":{"@id":"https:\/\/www.elle.lu\/fr\/produit\/abonnement-elle-luxembourg#breadcrumb"},"inLanguage":"fr-FR","potentialAction":[{"@type":"ReadAction","target":["https:\/\/www.elle.lu\/fr\/produit\/abonnement-elle-luxembourg"]}]},{"@type":"ImageObject","inLanguage":"fr-FR","@id":"https:\/\/www.elle.lu\/fr\/produit\/abonnement-elle-luxembourg#primaryimage","url":"https:\/\/www.elle.lu\/fr\/wp-content\/uploads\/2024\/11\/capture-decran-2026-03-25-a-182833.png","contentUrl":"https:\/\/www.elle.lu\/fr\/wp-content\/uploads\/2024\/11\/capture-decran-2026-03-25-a-182833.png","width":1096,"height":1386},{"@type":"BreadcrumbList","@id":"https:\/\/www.elle.lu\/fr\/produit\/abonnement-elle-luxembourg#breadcrumb","itemListElement":[{"@type":"ListItem","position":1,"name":"Accueil","item":"https:\/\/www.elle.lu\/fr"},{"@type":"ListItem","position":2,"name":"Abonnement ELLE Luxembourg &#8211; 1 an (4 num\u00e9ros)"}]},{"@type":"WebSite","@id":"https:\/\/www.elle.lu\/fr\/#website","url":"https:\/\/www.elle.lu\/fr\/","name":"ELLE.lu","description":"Explorez les derni\u00e8res tendances mode, beaut\u00e9 et art de vivre au Luxembourg sur ELLE.lu. Un contenu exclusivement luxembourgeois sur notre site, r\u00e9seaux sociaux et YouTube.","potentialAction":[{"@type":"SearchAction","target":{"@type":"EntryPoint","urlTemplate":"https:\/\/www.elle.lu\/fr\/?s={search_term_string}"},"query-input":{"@type":"PropertyValueSpecification","valueRequired":true,"valueName":"search_term_string"}}],"inLanguage":"fr-FR"}]}},"jetpack_sharing_enabled":true,"_links":{"self":[{"href":"https:\/\/www.elle.lu\/fr\/wp-json\/wp\/v2\/product\/3230","targetHints":{"allow":["GET"]}}],"collection":[{"href":"https:\/\/www.elle.lu\/fr\/wp-json\/wp\/v2\/product"}],"about":[{"href":"https:\/\/www.elle.lu\/fr\/wp-json\/wp\/v2\/types\/product"}],"wp:featuredmedia":[{"embeddable":true,"href":"https:\/\/www.elle.lu\/fr\/wp-json\/wp\/v2\/media\/10312"}],"wp:attachment":[{"href":"https:\/\/www.elle.lu\/fr\/wp-json\/wp\/v2\/media?parent=3230"}],"wp:term":[{"taxonomy":"product_brand","embeddable":true,"href":"https:\/\/www.elle.lu\/fr\/wp-json\/wp\/v2\/product_brand?post=3230"},{"taxonomy":"product_cat","embeddable":true,"href":"https:\/\/www.elle.lu\/fr\/wp-json\/wp\/v2\/product_cat?post=3230"},{"taxonomy":"product_tag","embeddable":true,"href":"https:\/\/www.elle.lu\/fr\/wp-json\/wp\/v2\/product_tag?post=3230"}],"curies":[{"name":"wp","href":"https:\/\/api.w.org\/{rel}","templated":true}]}}